{"id":2925,"date":"2023-08-25T20:56:38","date_gmt":"2023-08-25T18:56:38","guid":{"rendered":"https:\/\/bromar.me\/types-of-insurance\/accident-insurance\/"},"modified":"2025-08-27T03:22:58","modified_gmt":"2025-08-27T01:22:58","slug":"accident-insurance","status":"publish","type":"page","link":"https:\/\/bromar.me\/en\/types-of-insurance\/accident-insurance\/","title":{"rendered":"Personal Accident Insurance"},"content":{"rendered":"\t\t<div data-elementor-type=\"wp-page\" data-elementor-id=\"2925\" class=\"elementor elementor-2925 elementor-505\" data-elementor-post-type=\"page\">\n\t\t\t\t\t\t<section class=\"elementor-section elementor-top-section elementor-element elementor-element-6dcc1e2 elementor-section-boxed elementor-section-height-default elementor-section-height-default\" data-id=\"6dcc1e2\" data-element_type=\"section\" data-settings=\"{&quot;jet_parallax_layout_list&quot;:[],&quot;background_background&quot;:&quot;classic&quot;}\">\n\t\t\t\t\t\t<div class=\"elementor-container elementor-column-gap-no\">\n\t\t\t\t\t<div class=\"elementor-column elementor-col-100 elementor-top-column elementor-element elementor-element-c1a5b60\" data-id=\"c1a5b60\" data-element_type=\"column\">\n\t\t\t<div class=\"elementor-widget-wrap elementor-element-populated\">\n\t\t\t\t\t\t<div class=\"elementor-element elementor-element-7f1e731 elementor-widget elementor-widget-text-editor\" data-id=\"7f1e731\" data-element_type=\"widget\" data-widget_type=\"text-editor.default\">\n\t\t\t\t<div class=\"elementor-widget-container\">\n\t\t\t<style>\/*! elementor - v3.23.0 - 23-07-2024 *\/\n.elementor-widget-text-editor.elementor-drop-cap-view-stacked .elementor-drop-cap{background-color:#69727d;color:#fff}.elementor-widget-text-editor.elementor-drop-cap-view-framed .elementor-drop-cap{color:#69727d;border:3px solid;background-color:transparent}.elementor-widget-text-editor:not(.elementor-drop-cap-view-default) .elementor-drop-cap{margin-top:8px}.elementor-widget-text-editor:not(.elementor-drop-cap-view-default) .elementor-drop-cap-letter{width:1em;height:1em}.elementor-widget-text-editor .elementor-drop-cap{float:left;text-align:center;line-height:1;font-size:50px}.elementor-widget-text-editor .elementor-drop-cap-letter{display:inline-block}<\/style>\t\t\t\t<div class=\"elementor-element elementor-element-2f3bb3a elementor-widget elementor-widget-text-editor\" data-id=\"2f3bb3a\" data-element_type=\"widget\" data-widget_type=\"text-editor.default\">\n<div class=\"elementor-widget-container\">\n<div class=\"ue-text\">\n<div class=\"elementor-element elementor-element-2f3bb3a elementor-widget elementor-widget-text-editor\" data-id=\"2f3bb3a\" data-element_type=\"widget\" data-widget_type=\"text-editor.default\">\n<div class=\"elementor-widget-container\">\n<div class=\"ue-text\">\n<div class=\"elementor-element elementor-element-2f3bb3a elementor-widget elementor-widget-text-editor\" data-id=\"2f3bb3a\" data-element_type=\"widget\" data-widget_type=\"text-editor.default\">\n<div class=\"elementor-widget-container\">\n<div class=\"ue-text\">\n<p>Under Article 30 of the Occupational Health and Safety Act, employers are legally required to provide accident insurance for their employees. In addition, individuals may also take out this type of coverage independently.<\/p>\n<\/div>\n<\/div>\n<\/div>\n<\/div>\n<\/div>\n<\/div>\n<\/div>\n<\/div>\n<\/div>\n\t\t\t\t\t\t<\/div>\n\t\t\t\t<\/div>\n\t\t\t\t\t<\/div>\n\t\t<\/div>\n\t\t\t\t\t<\/div>\n\t\t<\/section>\n\t\t\t\t<section class=\"elementor-section elementor-top-section elementor-element elementor-element-bb06daf elementor-section-boxed elementor-section-height-default elementor-section-height-default\" data-id=\"bb06daf\" data-element_type=\"section\" data-settings=\"{&quot;jet_parallax_layout_list&quot;:[]}\">\n\t\t\t\t\t\t<div class=\"elementor-container elementor-column-gap-default\">\n\t\t\t\t\t<div class=\"elementor-column elementor-col-100 elementor-top-column elementor-element elementor-element-8c371aa\" data-id=\"8c371aa\" data-element_type=\"column\">\n\t\t\t<div class=\"elementor-widget-wrap elementor-element-populated\">\n\t\t\t\t\t\t<div class=\"elementor-element elementor-element-596ef25 elementor-widget elementor-widget-jet-form-builder-form\" data-id=\"596ef25\" data-element_type=\"widget\" data-widget_type=\"jet-form-builder-form.default\">\n\t\t\t\t<div class=\"elementor-widget-container\">\n\t\t\t<style id=\"jet-form-builder-2299-inline-css\"><\/style><form class=\"jet-form-builder layout-column submit-type-reload\" action=\"https:\/\/bromar.me\/en\/wp-json\/wp\/v2\/pages\/2925\/?jet_form_builder_submit=submit&amp;method=reload\" method=\"POST\" data-form-id=\"2299\" data-layout=\"column\" enctype=\"multipart\/form-data\">\r\n<input type=\"hidden\" id=\"_wpnonce\" name=\"_wpnonce\" value=\"6d0dfd9016\" \/><input type=\"hidden\" name=\"_wp_http_referer\" value=\"\/en\/wp-json\/wp\/v2\/pages\/2925\" \/><input type=\"hidden\" class=\"jet-form-builder__field hidden-field\" name=\"_jet_engine_booking_form_id\" value=\"2299\" data-field-name=\"_jet_engine_booking_form_id\">\r\n<input type=\"hidden\" class=\"jet-form-builder__field hidden-field\" name=\"_jet_engine_refer\" value=\"https:\/\/bromar.me\/en\/wp-json\/wp\/v2\/pages\/2925\/\" data-field-name=\"_jet_engine_refer\">\r\n<input type=\"hidden\" class=\"jet-form-builder__field hidden-field\" name=\"__queried_post_id\" value=\"2925\" data-field-name=\"__queried_post_id\">\r\n<div class=\"jet-form-builder-row field-type-radio-field\">\r\n\n<div  class=\"jet-form-builder__label\">\r\n<div  class=\"jet-form-builder__label-text\">\u017delim osiguranje za: <span class=\"jet-form-builder__required\">*<\/span><\/div><\/div><div class=\"jet-form-builder__fields-group checkradio-wrap\">\t\t<div class=\"jet-form-builder__field-wrap radio-wrap checkradio-wrap\">\r\n\t\t\t\t\t\t<label class=\"jet-form-builder__field-label for-radio\">\r\n\t\t\t\t<input\r\n\t\t\t\t\t\ttype=\"radio\"\r\n\t\t\t\t\t\tname=\"osiguranje_za\"\r\n\t\t\t\t\tclass=\"jet-form-builder__field radio-field checkradio-field\"\t\t\t\t\t\tvalue=\"Zaposlene\"\r\n\t\t\t\t\t\tdata-field-name=\"osiguranje_za\"\r\n\t\t\t\t\t required=\"required\"\t\t\t\t>\r\n\t\t\t\t<span>Zaposlene<\/span>\r\n\t\t\t<\/label>\r\n\t\t<\/div>\r\n\t\t\t\t<div class=\"jet-form-builder__field-wrap radio-wrap checkradio-wrap\">\r\n\t\t\t\t\t\t<label class=\"jet-form-builder__field-label for-radio\">\r\n\t\t\t\t<input\r\n\t\t\t\t\t\ttype=\"radio\"\r\n\t\t\t\t\t\tname=\"osiguranje_za\"\r\n\t\t\t\t\tclass=\"jet-form-builder__field radio-field checkradio-field\"\t\t\t\t\t\tvalue=\"Sebe\"\r\n\t\t\t\t\t\tdata-field-name=\"osiguranje_za\"\r\n\t\t\t\t\t required=\"required\"\t\t\t\t>\r\n\t\t\t\t<span>Sebe<\/span>\r\n\t\t\t<\/label>\r\n\t\t<\/div>\r\n\t\t\t\t<div class=\"jet-form-builder__field-wrap radio-wrap checkradio-wrap\">\r\n\t\t\t\t\t\t<label class=\"jet-form-builder__field-label for-radio\">\r\n\t\t\t\t<input\r\n\t\t\t\t\t\ttype=\"radio\"\r\n\t\t\t\t\t\tname=\"osiguranje_za\"\r\n\t\t\t\t\tclass=\"jet-form-builder__field radio-field checkradio-field\"\t\t\t\t\t\tvalue=\"Sebe i \u010dlanove porodice\"\r\n\t\t\t\t\t\tdata-field-name=\"osiguranje_za\"\r\n\t\t\t\t\t required=\"required\"\t\t\t\t>\r\n\t\t\t\t<span>Sebe i \u010dlanove porodice<\/span>\r\n\t\t\t<\/label>\r\n\t\t<\/div>\r\n\t\t<\/div>\n<\/div>\r\n\n\n<div class=\"jet-form-builder__conditional\" data-conditional=\"[{&quot;value&quot;:&quot;Sebe i \\u010dlanove porodice&quot;,&quot;type&quot;:&quot;show&quot;,&quot;field&quot;:&quot;osiguranje_za&quot;,&quot;operator&quot;:&quot;equal&quot;}]\">\n<div class=\"jet-form-builder-row field-type-text-field\">\r\n\n<div  class=\"jet-form-builder__label\">\r\n<div  class=\"jet-form-builder__label-text\">Ime podnosioca zahtjeva: <span class=\"jet-form-builder__required\">*<\/span><\/div><\/div><div class=\"jet-form-builder__field-wrap\">\r\n\t<input required=\"required\" name=\"ime\" id=\"ime\" type=\"text\" data-field-name=\"ime\" class=\"jet-form-builder__field text-field\">\r\n\t<\/div>\n<\/div>\r\n\n<\/div>\n\n<div class=\"jet-form-builder__conditional\" data-conditional=\"[{&quot;value&quot;:&quot;Sebe&quot;,&quot;type&quot;:&quot;show&quot;,&quot;field&quot;:&quot;osiguranje_za&quot;,&quot;operator&quot;:&quot;equal&quot;}]\">\n<div class=\"jet-form-builder-row field-type-text-field\">\r\n\n<div  class=\"jet-form-builder__label\">\r\n<div  class=\"jet-form-builder__label-text\">Ime podnosioca zahtjeva: <span class=\"jet-form-builder__required\">*<\/span><\/div><\/div><div class=\"jet-form-builder__field-wrap\">\r\n\t<input required=\"required\" name=\"ime2\" id=\"ime2\" type=\"text\" data-field-name=\"ime2\" class=\"jet-form-builder__field text-field\">\r\n\t<\/div>\n<\/div>\r\n\n<\/div>\n\n<div class=\"jet-form-builder__conditional\" data-conditional=\"[{&quot;value&quot;:&quot;Zaposlene&quot;,&quot;type&quot;:&quot;show&quot;,&quot;field&quot;:&quot;osiguranje_za&quot;,&quot;operator&quot;:&quot;equal&quot;}]\">\n<div class=\"jet-form-builder-row field-type-text-field\">\r\n\n<div  class=\"jet-form-builder__label\">\r\n<div  class=\"jet-form-builder__label-text\">Ime firme: <span class=\"jet-form-builder__required\">*<\/span><\/div><\/div><div class=\"jet-form-builder__field-wrap\">\r\n\t<input required=\"required\" name=\"ime3\" id=\"ime3\" type=\"text\" data-field-name=\"ime3\" class=\"jet-form-builder__field text-field\">\r\n\t<\/div>\n<\/div>\r\n\n<\/div>\n\n<div class=\"jet-form-builder-row field-type-text-field\">\r\n\n<div  class=\"jet-form-builder__label\">\r\n<div  class=\"jet-form-builder__label-text\">Email adresa: <span class=\"jet-form-builder__required\">*<\/span><\/div><\/div><div class=\"jet-form-builder__field-wrap\">\r\n\t<input required=\"required\" name=\"email_adresa\" id=\"email_adresa\" type=\"email\" data-field-name=\"email_adresa\" class=\"jet-form-builder__field text-field\">\r\n\t<\/div>\n<\/div>\r\n\n\n<div class=\"jet-form-builder-row field-type-text-field\">\r\n\n<div  class=\"jet-form-builder__label\">\r\n<div  class=\"jet-form-builder__label-text\">Broj telefona: <span class=\"jet-form-builder__required\">*<\/span><\/div><\/div><div class=\"jet-form-builder__field-wrap\">\r\n\t<input required=\"required\" name=\"broj_telefona\" id=\"broj_telefona\" type=\"text\" data-field-name=\"broj_telefona\" class=\"jet-form-builder__field text-field\">\r\n\t<\/div>\n<\/div>\r\n\n\n<div class=\"jet-form-builder__conditional\" data-conditional=\"[{&quot;value&quot;:&quot;Sebe&quot;,&quot;type&quot;:&quot;hide&quot;,&quot;field&quot;:&quot;osiguranje_za&quot;,&quot;operator&quot;:&quot;equal&quot;}]\">\n<div class=\"jet-form-builder-row field-type-number-field\">\r\n\n<div  class=\"jet-form-builder__label\">\r\n<div  class=\"jet-form-builder__label-text\">Broj osiguranika: <span class=\"jet-form-builder__required\">*<\/span><\/div><\/div><div class=\"jet-form-builder__field-wrap\">\r\n\t<input type=\"number\" class=\"jet-form-builder__field text-field\" required=\"required\" min=\"1\" step=\"1\" name=\"broj_osiguranika\" data-field-name=\"broj_osiguranika\" id=\"broj_osiguranika\">\r\n<\/div>\n<\/div>\r\n\n<\/div>\n\n<div class=\"jet-form-builder-row field-type-text-field\">\r\n\n<div  class=\"jet-form-builder__label\">\r\n<div  class=\"jet-form-builder__label-text\">Mjese\u010dno \u017eelim da izdvajam po osobi (\u20ac):<\/div><\/div><div class=\"jet-form-builder__field-wrap\">\r\n\t<input name=\"mjesecni_iznos\" id=\"mjesecni_iznos\" type=\"text\" data-field-name=\"mjesecni_iznos\" class=\"jet-form-builder__field text-field\">\r\n\t<\/div>\n<\/div>\r\n\n\n<div class=\"jet-form-builder-row field-type-checkbox-field\">\r\n\n<div  class=\"jet-form-builder__label\">\r\n<div  class=\"jet-form-builder__label-text\">Pravila i uslovi kori\u0161\u0107enja <span class=\"jet-form-builder__required\">*<\/span><\/div><\/div><div class=\"jet-form-builder__fields-group checkradio-wrap\">\t\t<div class=\"jet-form-builder__field-wrap checkboxes-wrap checkradio-wrap\">\r\n\t\t\t\t\t\t<label class=\"jet-form-builder__field-label for-checkbox\">\r\n\t\t\t\t<input\r\n\t\t\t\t\t\ttype=\"checkbox\"\r\n\t\t\t\t\t\tname=\"uslovi_koriscenja\"\r\n\t\t\t\t\tclass=\"jet-form-builder__field checkboxes-field checkradio-field\" required=\"required\"\t\t\t\t\t\tvalue=\"prihvatam\"\r\n\t\t\t\t\t\tdata-field-name=\"uslovi_koriscenja\"\r\n\t\t\t\t\t\t\t\t\t>\r\n\t\t\t\t<span>Saglasan sam da sajt Bromar.me mo\u017ee u moje ime da pribavi ponude svih osiguravaju\u0107ih dru\u0161tava kao i da sam pro\u010ditao i prihvatam Pravila i uslove kori\u0161\u0107enja i Za\u0161titu podataka o li\u010dnosti<\/span>\r\n\t\t\t<\/label>\r\n\t\t<\/div>\r\n\t\t<\/div>\n<\/div>\r\n\n\n<div class=\"jet-form-builder-row field-type-submit-field\">\r\n\n\t<div data-type=\"submit\" class=\"jet-form-builder__action-button-wrapper jet-form-builder__submit-wrap\">\r\n\t<button class=\"jet-form-builder__action-button jet-form-builder__submit submit-type-reload\" type=\"submit\">Po\u0161alji upit<\/button>\r\n\t<\/div>\r\n\t\n<\/div>\r\n\t\t<input type=\"hidden\" class=\"captcha-token\" name=\"_captcha_token\" value=\"\">\r\n\t\t\t<div class=\"jet-form-builder-messages-wrap\" data-form-id=\"2299\"><\/div>\r\n<\/form>\r\n\t\t<\/div>\n\t\t\t\t<\/div>\n\t\t\t\t\t<\/div>\n\t\t<\/div>\n\t\t\t\t\t<\/div>\n\t\t<\/section>\n\t\t\t\t<section class=\"elementor-section elementor-top-section elementor-element elementor-element-060f449 elementor-section-boxed elementor-section-height-default elementor-section-height-default\" data-id=\"060f449\" data-element_type=\"section\" data-settings=\"{&quot;jet_parallax_layout_list&quot;:[]}\">\n\t\t\t\t\t\t<div class=\"elementor-container elementor-column-gap-default\">\n\t\t\t\t\t<div class=\"elementor-column elementor-col-100 elementor-top-column elementor-element elementor-element-9891cff\" data-id=\"9891cff\" data-element_type=\"column\">\n\t\t\t<div class=\"elementor-widget-wrap elementor-element-populated\">\n\t\t\t\t\t\t<div class=\"elementor-element elementor-element-df1607e elementor-widget elementor-widget-text-editor\" data-id=\"df1607e\" data-element_type=\"widget\" data-widget_type=\"text-editor.default\">\n\t\t\t\t<div class=\"elementor-widget-container\">\n\t\t\t\t\t\t\t<div class=\"elementor-element elementor-element-2f3bb3a elementor-widget elementor-widget-text-editor\" data-id=\"2f3bb3a\" data-element_type=\"widget\" data-widget_type=\"text-editor.default\">\n<div class=\"elementor-widget-container\">\n<div class=\"ue-text\">\n<div class=\"elementor-element elementor-element-2f3bb3a elementor-widget elementor-widget-text-editor\" data-id=\"2f3bb3a\" data-element_type=\"widget\" data-widget_type=\"text-editor.default\">\n<div class=\"elementor-widget-container\">\n<div class=\"ue-text\">\n<div class=\"elementor-element elementor-element-2f3bb3a elementor-widget elementor-widget-text-editor\" data-id=\"2f3bb3a\" data-element_type=\"widget\" data-widget_type=\"text-editor.default\">\n<div class=\"elementor-widget-container\">\n<div class=\"ue-text\">\n<p>Osiguranje lica od nezgode je klju\u010dna mjera za\u0161tite kako za poslodavce, tako i za pojedince. \u010clanom 30. Zakona o za\u0161titi i zdravlju na radu jasno je propisano da poslodavci moraju osigurati svoje zaposlene od nezgode, dok fizi\u010dka lica tako\u0111e imaju mogu\u0107nost da samostalno ugovore ovu vrstu osiguranja. Poma\u017eemo Vam u odabiru najadekvatnijeg osiguranja koje \u0107e zadovoljiti sve zakonske zahtjeve i pru\u017eiti optimalnu za\u0161titu.<\/p>\n<p>\u00a0<\/p>\n<h2>\u0160ta pokriva osiguranje lica od nezgode?<\/h2>\n<p>Osiguranje lica od nezgode pru\u017ea finansijsku za\u0161titu u slu\u010dajevima kada osigurana osoba do\u017eivi tjelesnu povredu, invaliditet ili smrt usljed nezgode. Ova vrsta osiguranja obuhvata:<\/p>\n<ul>\n<li><strong>Medicinske tro\u0161kove &#8211;<\/strong>\u00a0Pokriveni su tro\u0161kovi lije\u010denja, rehabilitacije i drugi medicinski izdaci nastali usljed nezgode.<\/li>\n<li><strong>Invaliditet &#8211;<\/strong>\u00a0Pru\u017ea jednokratnu ili trajnu nov\u010danu naknadu u slu\u010daju trajnog invaliditeta koji nastane kao posljedica nezgode.<\/li>\n<li><strong>Smrtni slu\u010daj &#8211;<\/strong>\u00a0U slu\u010daju smrti osiguranika, osiguranje obezbje\u0111uje nov\u010danu naknadu porodici ili drugim korisnicima.<\/li>\n<\/ul>\n<p>\u00a0<\/p>\n<h2>Zakonska obaveza za poslodavce<\/h2>\n<p>Svaki poslodavac u Crnoj Gori je prema zakonu du\u017ean da osigura svoje zaposlene od nezgoda koje mogu nastati na radu ili u vezi sa radom. Ovo osiguranje \u0161titi kako radnike tako i poslodavce od finansijskih posljedica koje mogu proiste\u0107i iz radnih nezgoda.<\/p>\n<p>\u00a0<\/p>\n<h2>Prednosti osiguranja lica od nezgode<\/h2>\n<h3>Za\u0161tita za zaposlene<\/h3>\n<p>Osiguranje pru\u017ea zaposlenima sigurnost da \u0107e, u slu\u010daju nezgode, imati finansijsku podr\u0161ku za lije\u010denje i oporavak, \u010dime se pove\u0107ava njihovo zadovoljstvo i lojalnost prema poslodavcu.<\/p>\n<h3>Finansijska sigurnost za poslodavce<\/h3>\n<p>Poslodavci smanjuju rizik od potencijalnih velikih izdataka koji mogu nastati uslijed obaveza prema zaposlenima u slu\u010daju nezgoda.<\/p>\n<p>\u00a0<\/p>\n<h2>Kako Bromar poma\u017ee u odabiru osiguranja?<\/h2>\n<h3>1. Analiza i upore\u0111ivanje ponuda<\/h3>\n<p>Bromar analizira i upore\u0111uje ponude razli\u010ditih osiguravaju\u0107ih ku\u0107a kako bi prona\u0161ao najpovoljniju opciju koja pru\u017ea najbolje pokri\u0107e za Va\u0161e specifi\u010dne potrebe.<\/p>\n<h3>2. Prilago\u0111avanje polisa<\/h3>\n<p>Nudimo mogu\u0107nost prilago\u0111avanja osiguranja kako bi se osigurale sve relevantne rizike, odgovaraju\u0107i na specifi\u010dne zahtjeve poslodavaca i individualnih klijenata.<\/p>\n<h3>3. Stru\u010dna podr\u0161ka<\/h3>\n<p>Na\u0161 tim je tu da Vam pru\u017ei sve potrebne informacije, odgovori na pitanja i pomogne u svim koracima procesa ugovaranja osiguranja, osiguravaju\u0107i da dobijete najbolju mogu\u0107u uslugu.<\/p>\n<\/div>\n<\/div>\n<\/div>\n<\/div>\n<\/div>\n<\/div>\n<\/div>\n<\/div>\n<\/div>\n\t\t\t\t\t\t<\/div>\n\t\t\t\t<\/div>\n\t\t\t\t\t<\/div>\n\t\t<\/div>\n\t\t\t\t\t<\/div>\n\t\t<\/section>\n\t\t\t\t<\/div>\n\t\t","protected":false},"excerpt":{"rendered":"<p>Under Article 30 of the Occupational Health and Safety Act, employers are legally required to provide accident insurance for their employees. In addition, individuals may also take out this type of coverage independently. \u017delim osiguranje za: * Zaposlene Sebe Sebe i \u010dlanove porodice Ime podnosioca zahtjeva: * Ime podnosioca zahtjeva: * Ime firme: * Email [&hellip;]<\/p>\n","protected":false},"author":1,"featured_media":0,"parent":2901,"menu_order":0,"comment_status":"closed","ping_status":"closed","template":"","meta":{"_seopress_robots_primary_cat":"","_seopress_titles_title":"Accident Insurance Montenegro | Bromar","_seopress_titles_desc":"Under Article 30 of the Occupational Health and Safety Act, employers are legally required to provide accident insurance for their employees. In addition, individuals may also take out this type of coverage independently.","_seopress_robots_index":"","footnotes":""},"class_list":["post-2925","page","type-page","status-publish","hentry"],"_links":{"self":[{"href":"https:\/\/bromar.me\/en\/wp-json\/wp\/v2\/pages\/2925","targetHints":{"allow":["GET"]}}],"collection":[{"href":"https:\/\/bromar.me\/en\/wp-json\/wp\/v2\/pages"}],"about":[{"href":"https:\/\/bromar.me\/en\/wp-json\/wp\/v2\/types\/page"}],"author":[{"embeddable":true,"href":"https:\/\/bromar.me\/en\/wp-json\/wp\/v2\/users\/1"}],"replies":[{"embeddable":true,"href":"https:\/\/bromar.me\/en\/wp-json\/wp\/v2\/comments?post=2925"}],"version-history":[{"count":35,"href":"https:\/\/bromar.me\/en\/wp-json\/wp\/v2\/pages\/2925\/revisions"}],"predecessor-version":[{"id":4008,"href":"https:\/\/bromar.me\/en\/wp-json\/wp\/v2\/pages\/2925\/revisions\/4008"}],"up":[{"embeddable":true,"href":"https:\/\/bromar.me\/en\/wp-json\/wp\/v2\/pages\/2901"}],"wp:attachment":[{"href":"https:\/\/bromar.me\/en\/wp-json\/wp\/v2\/media?parent=2925"}],"curies":[{"name":"wp","href":"https:\/\/api.w.org\/{rel}","templated":true}]}}